{"id":2,"date":"2019-06-01T03:48:21","date_gmt":"2019-06-01T03:48:21","guid":{"rendered":"http:\/\/energietisch-dessau.de\/?page_id=2"},"modified":"2019-10-10T15:23:35","modified_gmt":"2019-10-10T15:23:35","slug":"sample-page","status":"publish","type":"page","link":"https:\/\/energietisch-dessau.de\/?page_id=2","title":{"rendered":"Themen"},"content":{"rendered":"\n<p><strong>B\u00fcrgerinitiative<\/strong><\/p>\n\n\n\n<p>Der Energietisch Dessau ist aus einer bundesweiten Kampagne zur\nCO2-Vermeidung &nbsp;Mitte der 1990er Jahre hervorgegangen.\nAls &nbsp;eingetragener Verein (e.V.) arbeitet\ner \u00fcberparteilich und unabh\u00e4ngig.<\/p>\n\n\n\n<p>Der gemeinn\u00fctzige Verein versteht sich als B\u00fcrgerinitiative zur\nUnterst\u00fctzung der Umsetzung von Zielsetzungen der Agenda 21 in der Kommune. Die\nAgenda 21 haben im Jahr 1992 mehr als 170 Staaten auf der Konferenz f\u00fcr Umwelt\nund Entwicklung der Vereinten Nationen in Rio de Janeiro beschlossen.\nSeinerzeit definierte man die Herausforderung des 21. Jahrhunderts darin, eine nachhaltige\n\u00f6kologische, \u00f6konomische und soziale Entwicklung zu verwirklichen. Dies nicht\nnur als Aufgabe von Regierungen, sondern auch f\u00fcr kommunale Entscheidungstr\u00e4ger.\n<br><\/p>\n\n\n\n<p><strong>Netzwerk<\/strong><br> <br>Wir&nbsp; pflegen die enge Zusammenarbeit mit lokalen Umweltgruppen und mit  Bildungs- und \u00f6ffentlichen Einrichtungen, wie beispielweise der  evangelischen Erwachsenenbildung oder dem Umweltbundesamt.  <\/p>\n\n\n\n<div class=\"wp-block-image\"><figure class=\"aligncenter is-resized\"><img loading=\"lazy\" decoding=\"async\" src=\"http:\/\/energietisch-dessau.de\/wp-content\/uploads\/2019\/06\/Logo_Nat_Mobil-2.jpg\" alt=\"\" class=\"wp-image-32\" width=\"255\" height=\"207\" srcset=\"https:\/\/energietisch-dessau.de\/wp-content\/uploads\/2019\/06\/Logo_Nat_Mobil-2.jpg 945w, https:\/\/energietisch-dessau.de\/wp-content\/uploads\/2019\/06\/Logo_Nat_Mobil-2-300x244.jpg 300w, https:\/\/energietisch-dessau.de\/wp-content\/uploads\/2019\/06\/Logo_Nat_Mobil-2-768x624.jpg 768w, https:\/\/energietisch-dessau.de\/wp-content\/uploads\/2019\/06\/Logo_Nat_Mobil-2-676x549.jpg 676w\" sizes=\"auto, (max-width: 255px) 100vw, 255px\" \/><\/figure><\/div>\n\n\n\n<div class=\"wp-block-image\"><figure class=\"aligncenter\"><img loading=\"lazy\" decoding=\"async\" width=\"313\" height=\"228\" src=\"http:\/\/energietisch-dessau.de\/wp-content\/uploads\/2019\/06\/EA_logo_rgb_rz01-1.jpg\" alt=\"\" class=\"wp-image-33\" srcset=\"https:\/\/energietisch-dessau.de\/wp-content\/uploads\/2019\/06\/EA_logo_rgb_rz01-1.jpg 313w, https:\/\/energietisch-dessau.de\/wp-content\/uploads\/2019\/06\/EA_logo_rgb_rz01-1-300x219.jpg 300w\" sizes=\"auto, (max-width: 313px) 100vw, 313px\" \/><\/figure><\/div>\n\n\n\n<div class=\"wp-block-image\"><figure class=\"aligncenter is-resized\"><img loading=\"lazy\" decoding=\"async\" src=\"http:\/\/energietisch-dessau.de\/wp-content\/uploads\/2019\/06\/ADFC-RGB-1-1024x446.jpg\" alt=\"\" class=\"wp-image-36\" width=\"340\" height=\"148\" srcset=\"https:\/\/energietisch-dessau.de\/wp-content\/uploads\/2019\/06\/ADFC-RGB-1-1024x446.jpg 1024w, https:\/\/energietisch-dessau.de\/wp-content\/uploads\/2019\/06\/ADFC-RGB-1-300x131.jpg 300w, https:\/\/energietisch-dessau.de\/wp-content\/uploads\/2019\/06\/ADFC-RGB-1-768x334.jpg 768w, https:\/\/energietisch-dessau.de\/wp-content\/uploads\/2019\/06\/ADFC-RGB-1-676x294.jpg 676w\" sizes=\"auto, (max-width: 340px) 100vw, 340px\" \/><\/figure><\/div>\n\n\n\n<p style=\"text-align:left\"><strong>Projekte \/ Veranstaltungen<\/strong><\/p>\n\n\n\n<ul class=\"wp-block-list\"><li>monatliche Veranstaltungen zu Energie- und\nKlimaschutzthemen (z.B. Vortr\u00e4ge, Diskussionen, Exkursionen, \u2026) <\/li><li>Kurzumtriebsplantage<\/li><li>Passivhausbox \u2013 Energetische Weiterentwicklung\nder \u00bbMeisterbude\u00ab<\/li><li>Planspiel Umweltpolitik \u2013 Dessauer Sch\u00fcler als\ninternationale Delegierte<\/li><li>Klimaschutzkonzept f\u00fcr Dessau-Ro\u00dflau und seine\nFortschreibung<\/li><li>\u2026 <\/li><\/ul>\n\n\n\n<p><strong>Unsere Arbeitsthemen<\/strong><\/p>\n\n\n\n<ul class=\"wp-block-list\"><li>energiesparendes Bauen und Sanieren im Bestand &nbsp;<\/li><li>Energiemanagement in \u00f6ffentlichen und kommunalen\nGeb\u00e4uden<\/li><li>Umbau der kommunalen Energieversorgung auf\nBasis&nbsp; erneuerbarer Energien<\/li><li>Umsetzung des Energie- und Klimaschutzkonzeptes\nder Stadt Dessau-Rosslau<\/li><li>Nutzung von kommunalen Brachfl\u00e4chen als\nSchnellumtriebsplantagen zur Biomassegewinnung<\/li><li>Schulprojekte zur Energieeinsparung, bei denen\nein Teil der eingesparten Betriebsmittel an die Schulen zur\u00fcckflie\u00dft.<\/li><\/ul>\n\n\n\n<p><strong>Unsere\nPositionen<\/strong><\/p>\n\n\n\n<p>Neu- und Umbau \u00f6ffentlicher Geb\u00e4ude soll beispielgebend energieeffizient\nund ressourcenschonend erfolgen. Private Bauherren m\u00fcssen in der\nPassivhausbauweise durch st\u00e4rkere finanzielle Anreize des Landes Sachsen-Anhalt\ngef\u00f6rdert werden. <\/p>\n\n\n\n<p>Die Stromerzeugung in Dessau-Ro\u00dflau auf Basis von Braunkohle wird mit\nder Heizperiode 2018\/19 der Geschichte angeh\u00f6ren. Perspektivisch unterst\u00fctzt\ntats\u00e4chlich nur eine treibhausgasneutrale Energieversorgung den Klimaschutz. <\/p>\n\n\n\n<p>Das Strom-, Gas- und Fernw\u00e4rmenetz muss jedem umweltschonendem\nEnergieproduzenten zur Einspeisung offen stehen. <\/p>\n\n\n\n<p>Die Stadt Dessau-Ro\u00dflau ist 100prozentige Eigent\u00fcmerin der Stadtwerke\nDessau. Der Aufsichtsrat der Stadtwerke muss daher zu einem echten Mitsprache-\nund Kontrollorgan der B\u00fcrgerschaft werden. <\/p>\n\n\n\n<p>Lokaler Klimaschutz erfordert eine institutionelle Verankerung in der Stadtverwaltung.\nDer Klimaschutzmanager stellt sicher, dass bei allen kommunalen Vorhaben klimaschutzrelevante\nAspekte Ber\u00fccksichtigung finden.<br><br><\/p>\n","protected":false},"excerpt":{"rendered":"<p>B\u00fcrgerinitiative Der Energietisch Dessau ist aus einer bundesweiten Kampagne zur CO2-Vermeidung &nbsp;Mitte der 1990er Jahre hervorgegangen. Als &nbsp;eingetragener Verein (e.V.) arbeitet er \u00fcberparteilich und unabh\u00e4ngig. Der gemeinn\u00fctzige Verein versteht sich als B\u00fcrgerinitiative zur Unterst\u00fctzung der Umsetzung von Zielsetzungen der Agenda 21 in der Kommune. Die Agenda 21 haben im Jahr 1992 mehr als 170 Staaten [&hellip;]<\/p>\n","protected":false},"author":2,"featured_media":0,"parent":0,"menu_order":0,"comment_status":"closed","ping_status":"open","template":"template-fullwidth.php","meta":{"footnotes":""},"class_list":["post-2","page","type-page","status-publish","hentry","post-preview"],"_links":{"self":[{"href":"https:\/\/energietisch-dessau.de\/index.php?rest_route=\/wp\/v2\/pages\/2","targetHints":{"allow":["GET"]}}],"collection":[{"href":"https:\/\/energietisch-dessau.de\/index.php?rest_route=\/wp\/v2\/pages"}],"about":[{"href":"https:\/\/energietisch-dessau.de\/index.php?rest_route=\/wp\/v2\/types\/page"}],"author":[{"embeddable":true,"href":"https:\/\/energietisch-dessau.de\/index.php?rest_route=\/wp\/v2\/users\/2"}],"replies":[{"embeddable":true,"href":"https:\/\/energietisch-dessau.de\/index.php?rest_route=%2Fwp%2Fv2%2Fcomments&post=2"}],"version-history":[{"count":19,"href":"https:\/\/energietisch-dessau.de\/index.php?rest_route=\/wp\/v2\/pages\/2\/revisions"}],"predecessor-version":[{"id":130,"href":"https:\/\/energietisch-dessau.de\/index.php?rest_route=\/wp\/v2\/pages\/2\/revisions\/130"}],"wp:attachment":[{"href":"https:\/\/energietisch-dessau.de\/index.php?rest_route=%2Fwp%2Fv2%2Fmedia&parent=2"}],"curies":[{"name":"wp","href":"https:\/\/api.w.org\/{rel}","templated":true}]}}